{"id":585,"date":"2025-08-25T03:29:44","date_gmt":"2025-08-25T12:29:44","guid":{"rendered":"https:\/\/bushido-antique-japan.com\/?post_type=product&#038;p=585"},"modified":"2025-08-25T03:29:44","modified_gmt":"2025-08-25T12:29:44","slug":"newly-forged-sword-kunimitsu-72-7cm","status":"publish","type":"product","link":"https:\/\/bushido-antique-japan.com\/ja\/product\/newly-forged-sword-kunimitsu-72-7cm\/","title":{"rendered":"Newly Forged Sword | Kunimitsu \/ 72.7cm"},"content":{"rendered":"","protected":false},"excerpt":{"rendered":"<h2 class=\"product-subtitle\">[Newly Forged Sword] Chikush\u016b-j\u016b Kunimitsu \/ April, Reiwa 6 (2024)<\/h2>\n<p data-start=\"57\" data-end=\"578\"><strong data-start=\"57\" data-end=\"87\">Swordsmith Shir\u014d Kunimitsu<\/strong> (real name: Hayahiko Komiya) resides in \u014cmuta City, Fukuoka Prefecture.<br data-start=\"159\" data-end=\"162\" \/>Born in 1959 (Showa 34), he began sword forging in April 1978 (Showa 53) under his grandfather, Shir\u014d Kunimitsu, who was renowned as an \u014c-wazamono smith of the Showa era. While inheriting the techniques of both his grandfather and his father, Shir\u014d Kuniharu, he has continued to challenge himself with traditional styles, particularly aspiring to the elegant craftsmanship of the Fukuoka Ichimonji school of Bizen.<\/p>\n<p data-start=\"580\" data-end=\"1095\">He was first accepted at the <em data-start=\"609\" data-end=\"650\">Newly Made Masterpiece Sword Exhibition<\/em> in 1992 (Heisei 4) and has exhibited continuously since then. Over the years, he has received four Excellence Prizes and five Effort Prizes. In recent years, he was awarded the <strong data-start=\"828\" data-end=\"904\">President\u2019s Prize of the Society for Preservation of Japanese Art Swords<\/strong> in 2017 (Heisei 29) for a tachi at the <em data-start=\"944\" data-end=\"985\">Newly Made Masterpiece Sword Exhibition<\/em>, and the <strong data-start=\"995\" data-end=\"1011\">Kunzan Prize<\/strong> in 2018 (Heisei 30) for a tachi at the <em data-start=\"1051\" data-end=\"1092\">Contemporary Sword Mountings Exhibition<\/em>.<\/p>\n<p data-start=\"1097\" data-end=\"1667\">The Komiya family descends from a lineage of swordsmiths dating back to 1786 (Tenmei 6), when they served as official smiths of the Tachibana clan of the Chikugo Yanagawa Domain. The Kunimitsu line of smiths traces its heritage further back to the late Heian period, drawing inspiration from the legendary master <strong data-start=\"1410\" data-end=\"1433\">Mitsuyo Miike Denta<\/strong>, creator of the <em data-start=\"1450\" data-end=\"1466\">\u014cdenta Mitsuyo<\/em> (one of the \u201cFive Swords Under Heaven\u201d and a National Treasure, once treasured by Maeda Toshiie) and the <em data-start=\"1572\" data-end=\"1600\">Sohayanotsuruki Utsusunari<\/em> (Important Cultural Property, beloved sword of Tokugawa Ieyasu).<\/p>\n<p data-start=\"1669\" data-end=\"2007\">This sword was newly forged in 2024 (Reiwa 6) as an iaid\u014d practice sword. Our company further refined it with grooves (hi) carved into the blade and specially crafted mountings (koshirae). The blade is well balanced, produces a clear sound, and all fittings are newly made. It has been completed as a sword we can confidently recommend.<\/p>\n","protected":false},"featured_media":586,"comment_status":"open","ping_status":"closed","template":"","meta":[],"product_brand":[],"product_cat":[21],"product_tag":[],"class_list":{"0":"post-585","1":"product","2":"type-product","3":"status-publish","4":"has-post-thumbnail","6":"product_cat-shinken-live-blades","8":"first","9":"instock","10":"shipping-taxable","11":"purchasable","12":"product-type-simple"},"_links":{"self":[{"href":"https:\/\/bushido-antique-japan.com\/ja\/wp-json\/wp\/v2\/product\/585","targetHints":{"allow":["GET"]}}],"collection":[{"href":"https:\/\/bushido-antique-japan.com\/ja\/wp-json\/wp\/v2\/product"}],"about":[{"href":"https:\/\/bushido-antique-japan.com\/ja\/wp-json\/wp\/v2\/types\/product"}],"replies":[{"embeddable":true,"href":"https:\/\/bushido-antique-japan.com\/ja\/wp-json\/wp\/v2\/comments?post=585"}],"wp:featuredmedia":[{"embeddable":true,"href":"https:\/\/bushido-antique-japan.com\/ja\/wp-json\/wp\/v2\/media\/586"}],"wp:attachment":[{"href":"https:\/\/bushido-antique-japan.com\/ja\/wp-json\/wp\/v2\/media?parent=585"}],"wp:term":[{"taxonomy":"product_brand","embeddable":true,"href":"https:\/\/bushido-antique-japan.com\/ja\/wp-json\/wp\/v2\/product_brand?post=585"},{"taxonomy":"product_cat","embeddable":true,"href":"https:\/\/bushido-antique-japan.com\/ja\/wp-json\/wp\/v2\/product_cat?post=585"},{"taxonomy":"product_tag","embeddable":true,"href":"https:\/\/bushido-antique-japan.com\/ja\/wp-json\/wp\/v2\/product_tag?post=585"}],"curies":[{"name":"wp","href":"https:\/\/api.w.org\/{rel}","templated":true}]}}